{"id":102,"date":"2020-01-31T22:55:17","date_gmt":"2020-01-31T22:55:17","guid":{"rendered":"https:\/\/chemnitzgestalten.de\/wp\/?page_id=102"},"modified":"2021-08-22T13:15:38","modified_gmt":"2021-08-22T13:15:38","slug":"chemnitz-nord","status":"publish","type":"page","link":"https:\/\/chemnitzgestalten.de\/wp\/chemnitz-nord\/","title":{"rendered":"Chemnitz Nord"},"content":{"rendered":"\n<p>B\u00fcrgerplattform Chemnitz Nord<br>Kerstin P\u00e4tzold<br>Schulberg 5a<br>09114 Chemnitz<\/p>\n\n\n\n<p>Mobil: 0173 5977835<br><a href=\"mailto:mitmachen@chemnitz-nord.de\">mitmachen@chemnitz-nord.de<\/a><br><a href=\"http:\/\/www.chemnitz-nord.de\" data-type=\"URL\" data-id=\"www.chemnitz-nord.de\" target=\"_blank\" rel=\"noreferrer noopener\">www.chemnitz-nord.de<\/a><\/p>\n\n\n\n<p>Furth, Gl\u00f6sa-Draisdorf, Borna-Heinersdorf<\/p>\n\n\n\n<p><strong>Mitglieder der Steuerungsgruppe:<\/strong><\/p>\n\n\n\n<p>Heike Delling<br>Bettina L\u00f6ser<br>Renate M\u00e4ding<br>Katrin Stephan-Kunert<br>Christian Wolf<br>J\u00f6rg Zipfel<\/p>\n\n\n\n<p><em>Stand August 2021<\/em> &#8211; Quelle:  www.chemnitz.de<\/p>\n","protected":false},"excerpt":{"rendered":"<p>B\u00fcrgerplattform Chemnitz NordKerstin P\u00e4tzoldSchulberg 5a09114 Chemnitz Mobil: 0173 5977835mitmachen@chemnitz-nord.dewww.chemnitz-nord.de Furth, Gl\u00f6sa-Draisdorf, Borna-Heinersdorf Mitglieder der Steuerungsgruppe: Heike DellingBettina L\u00f6serRenate M\u00e4dingKatrin Stephan-KunertChristian WolfJ\u00f6rg Zipfel Stand August 2021 &#8211; Quelle: www.chemnitz.de<\/p>\n","protected":false},"author":2,"featured_media":0,"parent":0,"menu_order":0,"comment_status":"closed","ping_status":"closed","template":"","meta":{"footnotes":""},"class_list":["post-102","page","type-page","status-publish","hentry"],"_links":{"self":[{"href":"https:\/\/chemnitzgestalten.de\/wp\/wp-json\/wp\/v2\/pages\/102","targetHints":{"allow":["GET"]}}],"collection":[{"href":"https:\/\/chemnitzgestalten.de\/wp\/wp-json\/wp\/v2\/pages"}],"about":[{"href":"https:\/\/chemnitzgestalten.de\/wp\/wp-json\/wp\/v2\/types\/page"}],"author":[{"embeddable":true,"href":"https:\/\/chemnitzgestalten.de\/wp\/wp-json\/wp\/v2\/users\/2"}],"replies":[{"embeddable":true,"href":"https:\/\/chemnitzgestalten.de\/wp\/wp-json\/wp\/v2\/comments?post=102"}],"version-history":[{"count":3,"href":"https:\/\/chemnitzgestalten.de\/wp\/wp-json\/wp\/v2\/pages\/102\/revisions"}],"predecessor-version":[{"id":162,"href":"https:\/\/chemnitzgestalten.de\/wp\/wp-json\/wp\/v2\/pages\/102\/revisions\/162"}],"wp:attachment":[{"href":"https:\/\/chemnitzgestalten.de\/wp\/wp-json\/wp\/v2\/media?parent=102"}],"curies":[{"name":"wp","href":"https:\/\/api.w.org\/{rel}","templated":true}]}}